{"id":1071,"date":"2022-01-11T14:12:00","date_gmt":"2022-01-11T12:12:00","guid":{"rendered":"https:\/\/gulf-travel.com.ua\/about-us\/"},"modified":"2022-01-13T00:42:47","modified_gmt":"2022-01-12T22:42:47","slug":"about-us","status":"publish","type":"page","link":"https:\/\/gulf-travel.az\/de\/about-us\/","title":{"rendered":"Wer wir sind?"},"content":{"rendered":"<p>Gulf Travel \u2013 ist ein stabiles, sich progressiv entwickelndes Unternehmen. Unser Team besteht aus qualifizierten Beratern und Managern mit langj\u00e4hriger Berufserfahrung. Das Unternehmen Geo Travel wurde von Fachleuten gegr\u00fcndet, Menschen, die ihr Leben dem Tourismus gewidmet haben. Geo Travel verf\u00fcgt \u00fcber eine breite Erfahrung und verwaltet Touren in 15 L\u00e4ndern der Welt, realisiert exklusive Programme: Schulungen und medizinische Behandlungen im Ausland, exklusive Teilnahme an Kultur- und Unterhaltungsaktionen, Organisation von Gesch\u00e4ftsreisen und Gesch\u00e4ftsseminaren f\u00fcr Experten verschiedener Branchen. F\u00fcr FIT-Touristen: Spezialisiert auf die Organisation individueller Touren bieten wir den Reisenden eine neue M\u00f6glichkeit \u2013 sich nicht an den Rahmen einer Gruppenreise zu binden, sondern ihre eigene Erholung mit f\u00fcr sie geeigneten komfortablen Bedingungen zu gestalten und zu planen. Intime Kenntnisse der Besonderheiten jedes Landes, die von den Managern w\u00e4hrend der Schulungen und Seminare erworben wurden, garantieren den Kunden von Geo Travel ein hohes Serviceniveau.<br \/>\nUnsere 24\/7-Helpline bietet zuverl\u00e4ssige Informationen und sofortige Hilfe f\u00fcr alle, die Hilfe ben\u00f6tigen.<\/p>\n<p>Gulf Travel hilft bei der Organisation von Firmen- und Gesch\u00e4ftsveranstaltungen: Konferenzen und Foren, Seminare und Schulungen, Gesch\u00e4ftstreffen, Motivationsreisen und Touren mit Organisation von Teamspielen sowie Ausstellungen in Aserbaidschan und im Ausland.<\/p>\n<p>Wir sind bereit, unsere langj\u00e4hrige Erfahrung in der Organisation von Veranstaltungen mit Ihnen zu teilen. Ein pers\u00f6nlicher Manager wird mit Ihrem Unternehmen zusammenarbeiten, der Ihnen bei der Organisation von Veranstaltungen jeder Komplexit\u00e4t und Gr\u00f6\u00dfenordnung hilft.<\/p>\n","protected":false},"excerpt":{"rendered":"<p>Gulf Travel \u2013 ist ein stabiles, sich progressiv entwickelndes Unternehmen. Unser Team besteht aus qualifizierten Beratern und Managern mit langj\u00e4hriger Berufserfahrung. Das Unternehmen Geo Travel wurde von Fachleuten gegr\u00fcndet, Menschen, die ihr Leben dem Tourismus gewidmet haben. Geo Travel verf\u00fcgt \u00fcber eine breite Erfahrung und verwaltet Touren in 15 L\u00e4ndern der Welt, realisiert exklusive Programme: [&hellip;]<\/p>\n","protected":false},"author":1,"featured_media":0,"parent":0,"menu_order":0,"comment_status":"closed","ping_status":"closed","template":"contacts-tpl.php","meta":{"footnotes":""},"class_list":["post-1071","page","type-page","status-publish","hentry"],"acf":[],"_links":{"self":[{"href":"https:\/\/gulf-travel.az\/de\/wp-json\/wp\/v2\/pages\/1071","targetHints":{"allow":["GET"]}}],"collection":[{"href":"https:\/\/gulf-travel.az\/de\/wp-json\/wp\/v2\/pages"}],"about":[{"href":"https:\/\/gulf-travel.az\/de\/wp-json\/wp\/v2\/types\/page"}],"author":[{"embeddable":true,"href":"https:\/\/gulf-travel.az\/de\/wp-json\/wp\/v2\/users\/1"}],"replies":[{"embeddable":true,"href":"https:\/\/gulf-travel.az\/de\/wp-json\/wp\/v2\/comments?post=1071"}],"version-history":[{"count":1,"href":"https:\/\/gulf-travel.az\/de\/wp-json\/wp\/v2\/pages\/1071\/revisions"}],"predecessor-version":[{"id":1072,"href":"https:\/\/gulf-travel.az\/de\/wp-json\/wp\/v2\/pages\/1071\/revisions\/1072"}],"wp:attachment":[{"href":"https:\/\/gulf-travel.az\/de\/wp-json\/wp\/v2\/media?parent=1071"}],"curies":[{"name":"wp","href":"https:\/\/api.w.org\/{rel}","templated":true}]}}