{"id":1470,"date":"2022-01-13T16:45:28","date_gmt":"2022-01-13T14:45:28","guid":{"rendered":"https:\/\/gulf-travel.com.ua\/privacy-policy\/"},"modified":"2022-01-13T16:49:04","modified_gmt":"2022-01-13T14:49:04","slug":"privacy-policy","status":"publish","type":"page","link":"https:\/\/gulf-travel.az\/de\/privacy-policy\/","title":{"rendered":"Datenschutz-Bestimmungen"},"content":{"rendered":"<div class=\"container\">\n<p>Ihre Privatsph\u00e4re ist uns sehr wichtig. Wir m\u00f6chten, dass Ihre Arbeit im Internet so angenehm und n\u00fctzlich wie m\u00f6glich ist und Sie die breiteste Palette an Informationen, Tools und M\u00f6glichkeiten, die das Internet bietet, in absoluter Ruhe nutzen k\u00f6nnen.<\/p>\n<p>Personenbezogene Daten, die w\u00e4hrend der Registrierung (oder zu jedem anderen Zeitpunkt) erhoben werden, werden haupts\u00e4chlich dazu verwendet, Produkte oder Dienstleistungen gem\u00e4\u00df Ihren Anforderungen vorzubereiten. Ihre Daten werden nicht an Dritte weitergegeben oder verkauft. In besonderen F\u00e4llen, die in der \u201eEinwilligung zum Newsletter\u201c beschrieben sind, k\u00f6nnen wir jedoch personenbezogene Daten teilweise offenlegen.<\/p>\n<h3>Welche Daten auf der Website erfasst werden<\/h3>\n<p>Im Falle einer freiwilligen Anmeldung zum Erhalt des Newsletters \u00fcbermitteln Sie uns Ihren Namen und Ihre E-Mail-Adresse \u00fcber das Anmeldeformular.<\/p>\n<h3>Zu welchem \u200b\u200bZweck werden diese Daten erhoben<\/h3>\n<p>Ihr Name wird verwendet, um Sie pers\u00f6nlich zu kontaktieren, und Ihre E-Mail-Adresse wird verwendet, um Ihnen Briefe, Schulungsnachrichten, n\u00fctzliche Materialien und kommerzielle Angebote zuzusenden.<\/p>\n<p>Ihr Name und Ihre E-Mail-Adresse werden unter keinen Umst\u00e4nden an Dritte weitergegeben, au\u00dfer in F\u00e4llen im Zusammenhang mit der Umsetzung gesetzlicher Anforderungen. Ihr Name und Ihre E-Mail-Adresse befinden sich auf sicheren Servern des Dienstes getresponse.com und werden in \u00dcbereinstimmung mit dessen Datenschutzrichtlinie verwendet.<\/p>\n<p><span style=\"font-weight: 400;\">Sie k\u00f6nnen den Erhalt von Mailings ablehnen und Ihre Kontaktinformationen jederzeit aus der Datenbank l\u00f6schen, indem Sie auf den Link zum Abbestellen klicken, der in jedem Brief vorhanden ist.<\/span><\/p>\n<h3>Wie werden diese Daten verwendet<\/h3>\n<p>Die Website verwendet Cookies und Daten \u00fcber Besucher des Google Analytics-Dienstes.<\/p>\n<p>Mithilfe dieser Daten werden Informationen \u00fcber die Aktionen der Besucher der Website gesammelt, um deren Inhalt zu verbessern, die Funktionalit\u00e4t der Website zu verbessern und als Ergebnis qualitativ hochwertige Inhalte und Dienste f\u00fcr Besucher zu erstellen.<\/p>\n<p>Sie k\u00f6nnen Ihre Browsereinstellungen jederzeit so \u00e4ndern, dass der Browser alle Cookies blockiert oder Sie benachrichtigt, wenn diese Cookies gesendet werden. Bitte beachten Sie, dass einige Funktionen und Dienste m\u00f6glicherweise nicht richtig funktionieren.<\/p>\n<h3>Wie diese Daten gesch\u00fctzt werden<\/h3>\n<p>Um Ihre pers\u00f6nlichen Daten zu sch\u00fctzen, verwenden wir eine Vielzahl von administrativen, verwaltungstechnischen und technischen Sicherheitsma\u00dfnahmen. Unser Unternehmen h\u00e4lt sich an verschiedene internationale Kontrollstandards, die auf Transaktionen mit personenbezogenen Daten abzielen, einschlie\u00dflich bestimmter Kontrollma\u00dfnahmen zum Schutz der im Internet gesammelten Informationen.<\/p>\n<p>Unsere Mitarbeiter sind geschult, diese Kontrollma\u00dfnahmen zu verstehen und umzusetzen, sie sind mit unserer Datenschutzerkl\u00e4rung, Standards und Anweisungen vertraut.<\/p>\n<p>Obwohl wir versuchen, Ihre personenbezogenen Daten zu sch\u00fctzen, m\u00fcssen Sie jedoch auch Ma\u00dfnahmen ergreifen, um sie zu sch\u00fctzen.<\/p>\n<p>Wir empfehlen Ihnen dringend, alle m\u00f6glichen Vorsichtsma\u00dfnahmen zu treffen, w\u00e4hrend Sie online sind. Die von uns organisierten Dienste und Websites umfassen Ma\u00dfnahmen zum Schutz vor Datenlecks, unbefugter Nutzung und \u00c4nderung der von uns kontrollierten Informationen. Obwohl wir alles tun, um die Integrit\u00e4t und Sicherheit unseres Netzwerks und unserer Systeme zu gew\u00e4hrleisten, k\u00f6nnen wir nicht garantieren, dass unsere Sicherheitsma\u00dfnahmen den illegalen Zugriff auf diese Informationen durch Hacker von Drittorganisationen verhindern.<\/p>\n<p>Wenn Sie diese Datenschutzrichtlinie \u00e4ndern, k\u00f6nnen Sie diese \u00c4nderungen auf dieser Seite nachlesen oder in besonderen F\u00e4llen eine Benachrichtigung per E-Mail erhalten.<\/p>\n<h2><span style=\"font-weight: 400;\">Um sich bei Fragen an den Site-Administrator zu wenden, k\u00f6nnen Sie einen Brief an reservation@gulf-travel.com.ua <\/span><\/h2>\n<p> schreiben\n<\/p><\/div>\n","protected":false},"excerpt":{"rendered":"<p>Ihre Privatsph\u00e4re ist uns sehr wichtig. Wir m\u00f6chten, dass Ihre Arbeit im Internet so angenehm und n\u00fctzlich wie m\u00f6glich ist und Sie die breiteste Palette an Informationen, Tools und M\u00f6glichkeiten, die das Internet bietet, in absoluter Ruhe nutzen k\u00f6nnen. Personenbezogene Daten, die w\u00e4hrend der Registrierung (oder zu jedem anderen Zeitpunkt) erhoben werden, werden haupts\u00e4chlich dazu [&hellip;]<\/p>\n","protected":false},"author":1,"featured_media":0,"parent":0,"menu_order":0,"comment_status":"closed","ping_status":"closed","template":"","meta":{"footnotes":""},"class_list":["post-1470","page","type-page","status-publish","hentry"],"acf":[],"_links":{"self":[{"href":"https:\/\/gulf-travel.az\/de\/wp-json\/wp\/v2\/pages\/1470","targetHints":{"allow":["GET"]}}],"collection":[{"href":"https:\/\/gulf-travel.az\/de\/wp-json\/wp\/v2\/pages"}],"about":[{"href":"https:\/\/gulf-travel.az\/de\/wp-json\/wp\/v2\/types\/page"}],"author":[{"embeddable":true,"href":"https:\/\/gulf-travel.az\/de\/wp-json\/wp\/v2\/users\/1"}],"replies":[{"embeddable":true,"href":"https:\/\/gulf-travel.az\/de\/wp-json\/wp\/v2\/comments?post=1470"}],"version-history":[{"count":1,"href":"https:\/\/gulf-travel.az\/de\/wp-json\/wp\/v2\/pages\/1470\/revisions"}],"predecessor-version":[{"id":1471,"href":"https:\/\/gulf-travel.az\/de\/wp-json\/wp\/v2\/pages\/1470\/revisions\/1471"}],"wp:attachment":[{"href":"https:\/\/gulf-travel.az\/de\/wp-json\/wp\/v2\/media?parent=1470"}],"curies":[{"name":"wp","href":"https:\/\/api.w.org\/{rel}","templated":true}]}}