{"id":1476,"date":"2022-01-13T16:45:28","date_gmt":"2022-01-13T14:45:28","guid":{"rendered":"https:\/\/gulf-travel.com.ua\/privacy-policy\/"},"modified":"2022-01-13T16:55:15","modified_gmt":"2022-01-13T14:55:15","slug":"privacy-policy","status":"publish","type":"page","link":"https:\/\/gulf-travel.az\/it\/privacy-policy\/","title":{"rendered":"Politica sulla riservatezza"},"content":{"rendered":"<div class=\"contenitore\">\n<p>La tua privacy \u00e8 molto importante per noi. Vogliamo che il vostro lavoro su Internet sia il pi\u00f9 piacevole e utile possibile e che possiate utilizzare con assoluta tranquillit\u00e0 la pi\u00f9 ampia gamma di informazioni, strumenti e opportunit\u00e0 che Internet offre.<\/p>\n<p>Le informazioni personali raccolte durante la registrazione (o in qualsiasi altro momento) vengono utilizzate principalmente per preparare prodotti o Servizi in base alle tue esigenze. Le tue informazioni non saranno condivise o vendute a terzi. Tuttavia, potremmo divulgare parzialmente le informazioni personali in casi speciali descritti nel &#8220;Consenso alla newsletter&#8221;<\/p>\n<h3>Quali dati vengono raccolti sul sito<\/h3>\n<p>In caso di registrazione volontaria per ricevere la newsletter, inviaci il tuo nome e la tua e-mail attraverso il modulo di registrazione.<\/p>\n<h3>A quale scopo vengono raccolti questi dati<\/h3>\n<p>Il tuo nome viene utilizzato per contattarti personalmente e la tua e-mail viene utilizzata per inviarti lettere postali, notizie di formazione, materiali utili, offerte commerciali.<\/p>\n<p>Il tuo nome e la tua e-mail non vengono ceduti a terzi, in nessun caso, tranne nei casi relativi all&#8217;attuazione di obblighi di legge. Il tuo nome e indirizzo e-mail sono su server sicuri del servizio getresponse.com e vengono utilizzati in conformit\u00e0 con la sua politica sulla privacy.<\/p>\n<p><span style=\"font-weight: 400;\">Puoi rifiutarti di ricevere lettere di posta ed eliminare le tue informazioni di contatto dal database in qualsiasi momento facendo clic sul link di cancellazione presente in ogni lettera.<\/span><\/p>\n<h3>Come vengono utilizzati questi dati<\/h3>\n<p>Il sito Web utilizza cookie e dati sui visitatori del servizio di analisi di Google.<\/p>\n<p>Utilizzando questi dati, vengono raccolte informazioni sulle azioni dei visitatori del sito al fine di migliorarne i contenuti, migliorare la funzionalit\u00e0 del sito e, di conseguenza, creare contenuti e servizi di alta qualit\u00e0 per i visitatori.<\/p>\n<p>Puoi modificare le impostazioni del tuo browser in qualsiasi momento in modo che il browser blocchi tutti i cookie o ti avvisi quando questi cookie vengono inviati. Si prega di notare che alcune funzioni e servizi potrebbero non funzionare correttamente.<\/p>\n<h3>Come vengono protetti questi dati<\/h3>\n<p>Per proteggere le tue informazioni personali, utilizziamo una variet\u00e0 di misure di sicurezza amministrative, gestionali e tecniche. La nostra azienda aderisce a vari standard di controllo internazionali finalizzati alle transazioni con informazioni personali, che includono determinate misure di controllo per proteggere le informazioni raccolte su Internet.<\/p>\n<p>I nostri dipendenti sono formati per comprendere e implementare queste misurazioni di controllo, hanno familiarit\u00e0 con la nostra Informativa sulla privacy, gli standard e le istruzioni.<\/p>\n<p>Tuttavia, anche se stiamo cercando di proteggere le tue informazioni personali, devi anche effettuare misurazioni per proteggerle.<\/p>\n<p>Ti consigliamo vivamente di prendere tutte le precauzioni possibili mentre sei online. I servizi e i siti Web che organizziamo includono misure per la protezione da perdite, uso non autorizzato e alterazione delle informazioni che controlliamo. Nonostante stiamo facendo tutto il possibile per garantire l&#8217;integrit\u00e0 e la sicurezza della nostra rete e dei nostri sistemi, non possiamo garantire che le nostre misurazioni di sicurezza impediscano l&#8217;accesso illegale a queste informazioni da parte di hacker di organizzazioni di terze parti.<\/p>\n<p>Se modifichi questa politica sulla privacy, puoi leggere queste modifiche su questa pagina o, in casi speciali, ricevere una notifica via e-mail.<\/p>\n<h2><span style=\"font-weight: 400;\">Per contattare l&#8217;amministratore del sito per qualsiasi domanda, puoi scrivere una lettera a reservation@gulf-travel.com.ua <\/span><\/h2>\n<\/div>\n","protected":false},"excerpt":{"rendered":"<p>La tua privacy \u00e8 molto importante per noi. Vogliamo che il vostro lavoro su Internet sia il pi\u00f9 piacevole e utile possibile e che possiate utilizzare con assoluta tranquillit\u00e0 la pi\u00f9 ampia gamma di informazioni, strumenti e opportunit\u00e0 che Internet offre. Le informazioni personali raccolte durante la registrazione (o in qualsiasi altro momento) vengono utilizzate [&hellip;]<\/p>\n","protected":false},"author":1,"featured_media":0,"parent":0,"menu_order":0,"comment_status":"closed","ping_status":"closed","template":"","meta":{"footnotes":""},"class_list":["post-1476","page","type-page","status-publish","hentry"],"acf":[],"_links":{"self":[{"href":"https:\/\/gulf-travel.az\/it\/wp-json\/wp\/v2\/pages\/1476","targetHints":{"allow":["GET"]}}],"collection":[{"href":"https:\/\/gulf-travel.az\/it\/wp-json\/wp\/v2\/pages"}],"about":[{"href":"https:\/\/gulf-travel.az\/it\/wp-json\/wp\/v2\/types\/page"}],"author":[{"embeddable":true,"href":"https:\/\/gulf-travel.az\/it\/wp-json\/wp\/v2\/users\/1"}],"replies":[{"embeddable":true,"href":"https:\/\/gulf-travel.az\/it\/wp-json\/wp\/v2\/comments?post=1476"}],"version-history":[{"count":1,"href":"https:\/\/gulf-travel.az\/it\/wp-json\/wp\/v2\/pages\/1476\/revisions"}],"predecessor-version":[{"id":1477,"href":"https:\/\/gulf-travel.az\/it\/wp-json\/wp\/v2\/pages\/1476\/revisions\/1477"}],"wp:attachment":[{"href":"https:\/\/gulf-travel.az\/it\/wp-json\/wp\/v2\/media?parent=1476"}],"curies":[{"name":"wp","href":"https:\/\/api.w.org\/{rel}","templated":true}]}}