{"id":1302,"date":"2022-01-12T22:50:48","date_gmt":"2022-01-12T20:50:48","guid":{"rendered":"https:\/\/gulf-travel.com.ua\/contact-us\/"},"modified":"2022-01-13T14:33:05","modified_gmt":"2022-01-13T12:33:05","slug":"contact-us","status":"publish","type":"page","link":"https:\/\/gulf-travel.az\/pl\/contact-us\/","title":{"rendered":"\u0141\u0105czno\u015b\u0107"},"content":{"rendered":"","protected":false},"excerpt":{"rendered":"","protected":false},"author":1,"featured_media":0,"parent":0,"menu_order":0,"comment_status":"closed","ping_status":"closed","template":"contactus-tpl.php","meta":{"footnotes":""},"class_list":["post-1302","page","type-page","status-publish","hentry"],"acf":[],"_links":{"self":[{"href":"https:\/\/gulf-travel.az\/pl\/wp-json\/wp\/v2\/pages\/1302","targetHints":{"allow":["GET"]}}],"collection":[{"href":"https:\/\/gulf-travel.az\/pl\/wp-json\/wp\/v2\/pages"}],"about":[{"href":"https:\/\/gulf-travel.az\/pl\/wp-json\/wp\/v2\/types\/page"}],"author":[{"embeddable":true,"href":"https:\/\/gulf-travel.az\/pl\/wp-json\/wp\/v2\/users\/1"}],"replies":[{"embeddable":true,"href":"https:\/\/gulf-travel.az\/pl\/wp-json\/wp\/v2\/comments?post=1302"}],"version-history":[{"count":2,"href":"https:\/\/gulf-travel.az\/pl\/wp-json\/wp\/v2\/pages\/1302\/revisions"}],"predecessor-version":[{"id":1400,"href":"https:\/\/gulf-travel.az\/pl\/wp-json\/wp\/v2\/pages\/1302\/revisions\/1400"}],"wp:attachment":[{"href":"https:\/\/gulf-travel.az\/pl\/wp-json\/wp\/v2\/media?parent=1302"}],"curies":[{"name":"wp","href":"https:\/\/api.w.org\/{rel}","templated":true}]}}