{"id":1474,"date":"2022-01-13T16:45:28","date_gmt":"2022-01-13T14:45:28","guid":{"rendered":"https:\/\/gulf-travel.com.ua\/privacy-policy\/"},"modified":"2022-01-13T16:53:03","modified_gmt":"2022-01-13T14:53:03","slug":"privacy-policy","status":"publish","type":"page","link":"https:\/\/gulf-travel.az\/pl\/privacy-policy\/","title":{"rendered":"Polityka prywatno\u015bci"},"content":{"rendered":"<div class=\"kontener\">\n<p>Twoja prywatno\u015b\u0107 jest dla nas bardzo wa\u017cna. Chcemy, aby Twoja praca w Internecie by\u0142a jak najbardziej przyjemna i u\u017cyteczna, aby\u015b m\u00f3g\u0142 z absolutnym spokojem korzysta\u0107 z najszerszego zakresu informacji, narz\u0119dzi i mo\u017cliwo\u015bci, jakie oferuje Internet.<\/p>\n<p>Dane osobowe zbierane podczas rejestracji (lub w dowolnym innym momencie) s\u0142u\u017c\u0105 przede wszystkim do przygotowania produkt\u00f3w lub Us\u0142ug zgodnie z Twoimi potrzebami. Twoje dane nie b\u0119d\u0105 udost\u0119pniane ani sprzedawane stronom trzecim. Mo\u017cemy jednak cz\u0119\u015bciowo ujawni\u0107 dane osobowe w szczeg\u00f3lnych przypadkach opisanych w \u201eZgodzie na Newsletter\u201d<\/p>\n<h3>Jakie dane s\u0105 gromadzone na stronie<\/h3>\n<p>W przypadku dobrowolnej rejestracji w celu otrzymywania newslettera wy\u015blij nam swoje imi\u0119 i adres e-mail poprzez formularz rejestracyjny.<\/p>\n<h3>W jakim celu zbierane s\u0105 te dane<\/h3>\n<p>Twoje imi\u0119 i nazwisko s\u0142u\u017cy do osobistego kontaktu z Tob\u0105, a Tw\u00f3j adres e-mail s\u0142u\u017cy do wysy\u0142ania Ci list\u00f3w, wiadomo\u015bci o szkoleniach, przydatnych materia\u0142\u00f3w, ofert handlowych.<\/p>\n<p>Twoje imi\u0119 i nazwisko oraz adres e-mail nie s\u0105 w \u017cadnym wypadku przekazywane osobom trzecim, z wyj\u0105tkiem przypadk\u00f3w zwi\u0105zanych z realizacj\u0105 wymog\u00f3w prawnych. Twoje imi\u0119 i nazwisko oraz adres e-mail znajduj\u0105 si\u0119 na bezpiecznych serwerach serwisu getresponse.com i s\u0105 wykorzystywane zgodnie z jego polityk\u0105 prywatno\u015bci.<\/p>\n<p><span style=\"font-weight: 400;\">Mo\u017cesz odm\u00f3wi\u0107 otrzymywania list\u00f3w pocztowych i usun\u0105\u0107 swoje dane kontaktowe z bazy danych w dowolnym momencie, klikaj\u0105c link rezygnacji z subskrypcji znajduj\u0105cy si\u0119 w ka\u017cdym li\u015bcie.<\/span><\/p>\n<h3>Jak wykorzystywane s\u0105 te dane<\/h3>\n<p>Strona korzysta z plik\u00f3w cookies oraz danych o osobach odwiedzaj\u0105cych us\u0142ug\u0119 analityczn\u0105 Google.<\/p>\n<p>Za pomoc\u0105 tych danych gromadzone s\u0105 informacje o dzia\u0142aniach odwiedzaj\u0105cych witryn\u0119 w celu ulepszania jej zawarto\u015bci, poprawy funkcjonalno\u015bci witryny, a w efekcie tworzenia wysokiej jako\u015bci tre\u015bci i us\u0142ug dla odwiedzaj\u0105cych.<\/p>\n<p>Mo\u017cesz zmieni\u0107 ustawienia swojej przegl\u0105darki w dowolnym momencie, aby przegl\u0105darka blokowa\u0142a wszystkie pliki cookie lub powiadamia\u0142a Ci\u0119, gdy te pliki cookie s\u0105 wysy\u0142ane. Nale\u017cy pami\u0119ta\u0107, \u017ce niekt\u00f3re funkcje i us\u0142ugi mog\u0105 nie dzia\u0142a\u0107 poprawnie.<\/p>\n<h3>Jak te dane s\u0105 chronione<\/h3>\n<p>Aby chroni\u0107 Twoje dane osobowe, stosujemy r\u00f3\u017cne \u015brodki bezpiecze\u0144stwa administracyjnego, zarz\u0105dczego i technicznego. Nasza firma przestrzega r\u00f3\u017cnych mi\u0119dzynarodowych standard\u00f3w kontroli dotycz\u0105cych transakcji z danymi osobowymi, kt\u00f3re obejmuj\u0105 pewne \u015brodki kontroli w celu ochrony informacji gromadzonych w Internecie.<\/p>\n<p>Nasi pracownicy s\u0105 przeszkoleni w zakresie rozumienia i wdra\u017cania tych pomiar\u00f3w kontrolnych, zapoznali si\u0119 z nasz\u0105 Polityk\u0105 prywatno\u015bci, standardami i instrukcjami.<\/p>\n<p>Jednak nawet je\u015bli staramy si\u0119 chroni\u0107 Twoje dane osobowe, musisz r\u00f3wnie\u017c dokona\u0107 pomiar\u00f3w, aby je chroni\u0107.<\/p>\n<p>Zdecydowanie zalecamy podj\u0119cie wszelkich mo\u017cliwych \u015brodk\u00f3w ostro\u017cno\u015bci podczas korzystania z Internetu. Organizowane przez nas us\u0142ugi i strony internetowe obejmuj\u0105 \u015brodki ochrony przed wyciekiem, nieuprawnionym u\u017cyciem i zmian\u0105 kontrolowanych przez nas informacji. Pomimo tego, \u017ce robimy wszystko, co mo\u017cliwe, aby zapewni\u0107 integralno\u015b\u0107 i bezpiecze\u0144stwo naszej sieci i system\u00f3w, nie mo\u017cemy zagwarantowa\u0107, \u017ce nasze \u015brodki bezpiecze\u0144stwa zapobiegn\u0105 nielegalnemu dost\u0119powi do tych informacji przez haker\u00f3w z organizacji zewn\u0119trznych.<\/p>\n<p>Je\u015bli zmienisz niniejsz\u0105 polityk\u0119 prywatno\u015bci, mo\u017cesz przeczyta\u0107 o tych zmianach na tej stronie lub, w szczeg\u00f3lnych przypadkach, otrzyma\u0107 powiadomienie na e-mail.<\/p>\n<h2><span style=\"font-weight: 400;\">Aby skontaktowa\u0107 si\u0119 z administratorem witryny w przypadku jakichkolwiek pyta\u0144, mo\u017cesz napisa\u0107 list reservation@gulf-travel.com.ua <\/span><\/h2>\n<\/div>\n","protected":false},"excerpt":{"rendered":"<p>Twoja prywatno\u015b\u0107 jest dla nas bardzo wa\u017cna. Chcemy, aby Twoja praca w Internecie by\u0142a jak najbardziej przyjemna i u\u017cyteczna, aby\u015b m\u00f3g\u0142 z absolutnym spokojem korzysta\u0107 z najszerszego zakresu informacji, narz\u0119dzi i mo\u017cliwo\u015bci, jakie oferuje Internet. Dane osobowe zbierane podczas rejestracji (lub w dowolnym innym momencie) s\u0142u\u017c\u0105 przede wszystkim do przygotowania produkt\u00f3w lub Us\u0142ug zgodnie z [&hellip;]<\/p>\n","protected":false},"author":1,"featured_media":0,"parent":0,"menu_order":0,"comment_status":"closed","ping_status":"closed","template":"","meta":{"footnotes":""},"class_list":["post-1474","page","type-page","status-publish","hentry"],"acf":[],"_links":{"self":[{"href":"https:\/\/gulf-travel.az\/pl\/wp-json\/wp\/v2\/pages\/1474","targetHints":{"allow":["GET"]}}],"collection":[{"href":"https:\/\/gulf-travel.az\/pl\/wp-json\/wp\/v2\/pages"}],"about":[{"href":"https:\/\/gulf-travel.az\/pl\/wp-json\/wp\/v2\/types\/page"}],"author":[{"embeddable":true,"href":"https:\/\/gulf-travel.az\/pl\/wp-json\/wp\/v2\/users\/1"}],"replies":[{"embeddable":true,"href":"https:\/\/gulf-travel.az\/pl\/wp-json\/wp\/v2\/comments?post=1474"}],"version-history":[{"count":1,"href":"https:\/\/gulf-travel.az\/pl\/wp-json\/wp\/v2\/pages\/1474\/revisions"}],"predecessor-version":[{"id":1475,"href":"https:\/\/gulf-travel.az\/pl\/wp-json\/wp\/v2\/pages\/1474\/revisions\/1475"}],"wp:attachment":[{"href":"https:\/\/gulf-travel.az\/pl\/wp-json\/wp\/v2\/media?parent=1474"}],"curies":[{"name":"wp","href":"https:\/\/api.w.org\/{rel}","templated":true}]}}