{"id":1472,"date":"2022-01-13T16:45:28","date_gmt":"2022-01-13T14:45:28","guid":{"rendered":"https:\/\/gulf-travel.com.ua\/privacy-policy\/"},"modified":"2022-01-13T16:50:03","modified_gmt":"2022-01-13T14:50:03","slug":"privacy-policy","status":"publish","type":"page","link":"https:\/\/gulf-travel.az\/tr\/privacy-policy\/","title":{"rendered":"Gizlilik Politikas\u0131"},"content":{"rendered":"<div class=\"konteyner\">\n<p>Gizlili\u011finiz bizim i\u00e7in \u00e7ok \u00f6nemlidir. \u0130nternetteki \u00e7al\u0131\u015fman\u0131z\u0131n m\u00fcmk\u00fcn oldu\u011funca e\u011flenceli ve faydal\u0131 olmas\u0131n\u0131 ve \u0130nternet&#8217;in sundu\u011fu en geni\u015f bilgi, ara\u00e7 ve f\u0131rsatlar\u0131 mutlak bir huzur i\u00e7inde kullanabilmenizi istiyoruz.<\/p>\n<p>Kay\u0131t s\u0131ras\u0131nda (veya ba\u015fka herhangi bir zamanda) toplanan ki\u015fisel bilgiler, \u00f6ncelikle \u00fcr\u00fcnleri veya Hizmetleri ihtiya\u00e7lar\u0131n\u0131za g\u00f6re haz\u0131rlamak i\u00e7in kullan\u0131l\u0131r. Bilgileriniz \u00fc\u00e7\u00fcnc\u00fc \u015fah\u0131slarla payla\u015f\u0131lmayacak veya sat\u0131lmayacakt\u0131r. Ancak, \u201cB\u00fclten Onay\u0131\u201dnda a\u00e7\u0131klanan \u00f6zel durumlarda ki\u015fisel bilgileri k\u0131smen if\u015fa edebiliriz.<\/p>\n<h3>Sitede hangi veriler toplan\u0131r<\/h3>\n<p>B\u00fclteni almak i\u00e7in g\u00f6n\u00fcll\u00fc kay\u0131t olman\u0131z durumunda, kay\u0131t formu arac\u0131l\u0131\u011f\u0131yla bize ad\u0131n\u0131z\u0131 ve e-postan\u0131z\u0131 g\u00f6nderin.<\/p>\n<h3>Bu veriler hangi ama\u00e7la toplan\u0131yor<\/h3>\n<p>Ad\u0131n\u0131z sizinle ki\u015fisel olarak ileti\u015fim kurmak i\u00e7in kullan\u0131l\u0131r ve e-postan\u0131z size posta mektuplar\u0131, e\u011fitim haberleri, faydal\u0131 materyaller, ticari teklifler g\u00f6ndermek i\u00e7in kullan\u0131l\u0131r.<\/p>\n<p>Ad\u0131n\u0131z ve e-postan\u0131z, yasal gerekliliklerin uygulanmas\u0131 ile ilgili durumlar d\u0131\u015f\u0131nda hi\u00e7bir ko\u015fulda \u00fc\u00e7\u00fcnc\u00fc ki\u015filere aktar\u0131lmaz. Ad\u0131n\u0131z ve e-posta adresiniz getresponse.com hizmetinin g\u00fcvenli sunucular\u0131nda bulunmakta ve gizlilik politikas\u0131na uygun olarak kullan\u0131lmaktad\u0131r.<\/p>\n<p><span style=\"font-weight: 400;\">Her bir mektupta bulunan abonelikten \u00e7\u0131kma ba\u011flant\u0131s\u0131n\u0131 t\u0131klayarak istedi\u011finiz zaman posta mektuplar\u0131n\u0131 almay\u0131 reddedebilir ve ileti\u015fim bilgilerinizi veritaban\u0131ndan silebilirsiniz.<\/span><\/p>\n<h3>Bu veriler nas\u0131l kullan\u0131l\u0131r<\/h3>\n<p>Web sitesi, Google analitik hizmetinin ziyaret\u00e7ileri hakk\u0131nda \u00e7erezler ve veriler kullan\u0131r.<\/p>\n<p>Bu verileri kullanarak, sitenin i\u00e7eri\u011fini iyile\u015ftirmek, sitenin i\u015flevselli\u011fini geli\u015ftirmek ve sonu\u00e7 olarak ziyaret\u00e7iler i\u00e7in y\u00fcksek kaliteli i\u00e7erik ve hizmetler olu\u015fturmak i\u00e7in site ziyaret\u00e7ilerinin eylemleri hakk\u0131nda bilgi toplan\u0131r.<\/p>\n<p>Taray\u0131c\u0131 ayarlar\u0131n\u0131z\u0131, taray\u0131c\u0131n\u0131n t\u00fcm \u00e7erezleri engellemesi veya bu \u00e7erezler g\u00f6nderildi\u011finde size bildirmesi i\u00e7in istedi\u011finiz zaman de\u011fi\u015ftirebilirsiniz. L\u00fctfen baz\u0131 i\u015flevlerin ve hizmetlerin d\u00fczg\u00fcn \u00e7al\u0131\u015fmayabilece\u011fini unutmay\u0131n.<\/p>\n<h3>Bu veriler nas\u0131l korunur<\/h3>\n<p>Ki\u015fisel bilgilerinizi korumak i\u00e7in \u00e7e\u015fitli idari, y\u00f6netsel ve teknik g\u00fcvenlik \u00f6nlemleri kullan\u0131yoruz. \u015eirketimiz, internette toplanan bilgileri korumak i\u00e7in belirli kontrol \u00f6nlemleri i\u00e7eren ki\u015fisel bilgilerle yap\u0131lan i\u015flemlere y\u00f6nelik \u00e7e\u015fitli uluslararas\u0131 kontrol standartlar\u0131na uyar.<\/p>\n<p>\u00c7al\u0131\u015fanlar\u0131m\u0131z bu kontrol \u00f6l\u00e7\u00fcmlerini anlamak ve uygulamak i\u00e7in e\u011fitilmi\u015ftir, Gizlilik Bildirimimiz, standartlar\u0131m\u0131z ve talimatlar\u0131m\u0131z hakk\u0131nda bilgi sahibidirler.<\/p>\n<p>Ancak her ne kadar ki\u015fisel bilgilerinizi korumaya \u00e7al\u0131\u015f\u0131yor olsak da, onu korumak i\u00e7in de \u00f6nlem almal\u0131s\u0131n\u0131z.<\/p>\n<p>\u00c7evrimi\u00e7iyken olas\u0131 t\u00fcm \u00f6nlemleri alman\u0131z\u0131 \u015fiddetle tavsiye ederiz. D\u00fczenledi\u011fimiz hizmetler ve web siteleri, kontrol etti\u011fimiz bilgilerin s\u0131zd\u0131r\u0131lmas\u0131na, yetkisiz kullan\u0131m\u0131na ve de\u011fi\u015ftirilmesine kar\u015f\u0131 koruma \u00f6nlemleri i\u00e7erir. A\u011f\u0131m\u0131z\u0131n ve sistemlerimizin b\u00fct\u00fcnl\u00fc\u011f\u00fcn\u00fc ve g\u00fcvenli\u011fini sa\u011flamak i\u00e7in m\u00fcmk\u00fcn olan her \u015feyi yapmam\u0131za ra\u011fmen, g\u00fcvenlik \u00f6l\u00e7\u00fcmlerimizin \u00fc\u00e7\u00fcnc\u00fc taraf kurulu\u015flar\u0131n bilgisayar korsanlar\u0131 taraf\u0131ndan bu bilgilere yasa d\u0131\u015f\u0131 eri\u015fimi engelleyece\u011fini garanti edemeyiz.<\/p>\n<p>Bu gizlilik politikas\u0131n\u0131 de\u011fi\u015ftirirseniz, bu de\u011fi\u015fiklikleri bu sayfadan okuyabilir veya \u00f6zel durumlarda e-posta ile bildirim alabilirsiniz.<\/p>\n<h2><span style=\"font-weight: 400;\">Herhangi bir sorunuz i\u00e7in site y\u00f6neticisiyle ileti\u015fime ge\u00e7mek i\u00e7in rezervasyon@gulf-travel.com.ua <\/span><\/h2>\n<\/div>\n","protected":false},"excerpt":{"rendered":"<p>Gizlili\u011finiz bizim i\u00e7in \u00e7ok \u00f6nemlidir. \u0130nternetteki \u00e7al\u0131\u015fman\u0131z\u0131n m\u00fcmk\u00fcn oldu\u011funca e\u011flenceli ve faydal\u0131 olmas\u0131n\u0131 ve \u0130nternet&#8217;in sundu\u011fu en geni\u015f bilgi, ara\u00e7 ve f\u0131rsatlar\u0131 mutlak bir huzur i\u00e7inde kullanabilmenizi istiyoruz. Kay\u0131t s\u0131ras\u0131nda (veya ba\u015fka herhangi bir zamanda) toplanan ki\u015fisel bilgiler, \u00f6ncelikle \u00fcr\u00fcnleri veya Hizmetleri ihtiya\u00e7lar\u0131n\u0131za g\u00f6re haz\u0131rlamak i\u00e7in kullan\u0131l\u0131r. Bilgileriniz \u00fc\u00e7\u00fcnc\u00fc \u015fah\u0131slarla payla\u015f\u0131lmayacak veya sat\u0131lmayacakt\u0131r. Ancak, \u201cB\u00fclten [&hellip;]<\/p>\n","protected":false},"author":1,"featured_media":0,"parent":0,"menu_order":0,"comment_status":"closed","ping_status":"closed","template":"","meta":{"footnotes":""},"class_list":["post-1472","page","type-page","status-publish","hentry"],"acf":[],"_links":{"self":[{"href":"https:\/\/gulf-travel.az\/tr\/wp-json\/wp\/v2\/pages\/1472","targetHints":{"allow":["GET"]}}],"collection":[{"href":"https:\/\/gulf-travel.az\/tr\/wp-json\/wp\/v2\/pages"}],"about":[{"href":"https:\/\/gulf-travel.az\/tr\/wp-json\/wp\/v2\/types\/page"}],"author":[{"embeddable":true,"href":"https:\/\/gulf-travel.az\/tr\/wp-json\/wp\/v2\/users\/1"}],"replies":[{"embeddable":true,"href":"https:\/\/gulf-travel.az\/tr\/wp-json\/wp\/v2\/comments?post=1472"}],"version-history":[{"count":1,"href":"https:\/\/gulf-travel.az\/tr\/wp-json\/wp\/v2\/pages\/1472\/revisions"}],"predecessor-version":[{"id":1473,"href":"https:\/\/gulf-travel.az\/tr\/wp-json\/wp\/v2\/pages\/1472\/revisions\/1473"}],"wp:attachment":[{"href":"https:\/\/gulf-travel.az\/tr\/wp-json\/wp\/v2\/media?parent=1472"}],"curies":[{"name":"wp","href":"https:\/\/api.w.org\/{rel}","templated":true}]}}